{"id":196,"date":"2026-01-27T14:02:22","date_gmt":"2026-01-27T13:02:22","guid":{"rendered":"https:\/\/cristian.depimtajamar.es\/?post_type=product&#038;p=196"},"modified":"2026-01-27T14:04:59","modified_gmt":"2026-01-27T13:04:59","slug":"il-fidele","status":"publish","type":"product","link":"https:\/\/cristian.depimtajamar.es\/index.php\/producto\/il-fidele\/","title":{"rendered":"IL FIDELE"},"content":{"rendered":"","protected":false},"excerpt":{"rendered":"<p data-start=\"2569\" data-end=\"2674\">IL FEDELE nace del mismo vi\u00f1edo y la misma filosof\u00eda que IL TRADITORE, pero recorre un camino distinto.<\/p>\n<p data-start=\"2681\" data-end=\"2899\">Esta edici\u00f3n representa la fidelidad al origen, la paciencia y la armon\u00eda. Elaborado con Tempranillo del Vi\u00f1edo San Esteban, se busca una expresi\u00f3n m\u00e1s fresca, equilibrada y accesible, sin renunciar a la profundidad.<\/p>\n<p data-start=\"2906\" data-end=\"3103\">Su crianza es m\u00e1s sutil, respetando la fruta y la elegancia natural del vino. El resultado es un tinto refinado, sedoso y f\u00e1cil de disfrutar, con un perfil m\u00e1s amable y una persistencia elegante.<\/p>\n<p data-start=\"3110\" data-end=\"3178\">IL FEDELE es la calma despu\u00e9s de la decisi\u00f3n. El vino que permanece.<\/p>\n<ul>\n<li data-start=\"3569\" data-end=\"3597\">\n<p data-start=\"3571\" data-end=\"3597\">Denominaci\u00f3n: DOCa Rioja<\/p>\n<\/li>\n<li data-start=\"3598\" data-end=\"3628\">\n<p data-start=\"3600\" data-end=\"3628\">Variedad: 100% Tempranillo<\/p>\n<\/li>\n<li data-start=\"3629\" data-end=\"3665\">\n<p data-start=\"3631\" data-end=\"3665\">Vi\u00f1edo: San Esteban (Rioja Alta)<\/p>\n<\/li>\n<li data-start=\"3666\" data-end=\"3684\">\n<p data-start=\"3668\" data-end=\"3684\">Altitud: 580 m<\/p>\n<\/li>\n<li data-start=\"3685\" data-end=\"3737\">\n<p data-start=\"3687\" data-end=\"3737\">Crianza: Barrica de roble franc\u00e9s de forma sutil<\/p>\n<\/li>\n<li data-start=\"3738\" data-end=\"3775\">\n<p data-start=\"3740\" data-end=\"3775\">Graduaci\u00f3n alcoh\u00f3lica: 13,5% vol.<\/p>\n<\/li>\n<li data-start=\"3776\" data-end=\"3808\">\n<p data-start=\"3778\" data-end=\"3808\">Producci\u00f3n: Edici\u00f3n limitada<\/p>\n<\/li>\n<\/ul>\n","protected":false},"featured_media":194,"comment_status":"open","ping_status":"closed","template":"","meta":{"zakra_page_container_layout":"customizer","zakra_page_sidebar_layout":"customizer","zakra_remove_content_margin":false,"zakra_sidebar":"customizer","zakra_transparent_header":"customizer","zakra_logo":0,"zakra_main_header_style":"default","zakra_menu_item_color":"","zakra_menu_item_hover_color":"","zakra_menu_item_active_color":"","zakra_menu_active_style":"","zakra_page_header":true},"product_brand":[],"product_cat":[],"product_tag":[],"class_list":{"0":"post-196","1":"product","2":"type-product","3":"status-publish","4":"has-post-thumbnail","7":"first","8":"instock","9":"sale","10":"shipping-taxable","11":"purchasable","12":"product-type-simple"},"yoast_head":"<!-- This site is optimized with the Yoast SEO plugin v26.8 - https:\/\/yoast.com\/product\/yoast-seo-wordpress\/ -->\n<title>IL FIDELE - Il traditore<\/title>\n<meta name=\"robots\" content=\"index, follow, max-snippet:-1, max-image-preview:large, max-video-preview:-1\" \/>\n<link rel=\"canonical\" href=\"https:\/\/cristian.depimtajamar.es\/index.php\/producto\/il-fidele\/\" \/>\n<meta property=\"og:locale\" content=\"es_ES\" \/>\n<meta property=\"og:type\" content=\"article\" \/>\n<meta property=\"og:title\" content=\"IL FIDELE - Il traditore\" \/>\n<meta property=\"og:description\" content=\"IL FEDELE nace del mismo vi\u00f1edo y la misma filosof\u00eda que IL TRADITORE, pero recorre un camino distinto. Esta edici\u00f3n representa la fidelidad al origen, la paciencia y la armon\u00eda. Elaborado con Tempranillo del Vi\u00f1edo San Esteban, se busca una expresi\u00f3n m\u00e1s fresca, equilibrada y accesible, sin renunciar a la profundidad. Su crianza es m\u00e1s sutil, respetando la fruta y la elegancia natural del vino. El resultado es un tinto refinado, sedoso y f\u00e1cil de disfrutar, con un perfil m\u00e1s amable y una persistencia elegante. IL FEDELE es la calma despu\u00e9s de la decisi\u00f3n. El vino que permanece.     Denominaci\u00f3n: DOCa Rioja    Variedad: 100% Tempranillo    Vi\u00f1edo: San Esteban (Rioja Alta)    Altitud: 580 m    Crianza: Barrica de roble franc\u00e9s de forma sutil    Graduaci\u00f3n alcoh\u00f3lica: 13,5% vol.    Producci\u00f3n: Edici\u00f3n limitada\" \/>\n<meta property=\"og:url\" content=\"https:\/\/cristian.depimtajamar.es\/index.php\/producto\/il-fidele\/\" \/>\n<meta property=\"og:site_name\" content=\"Il traditore\" \/>\n<meta property=\"article:modified_time\" content=\"2026-01-27T13:04:59+00:00\" \/>\n<meta property=\"og:image\" content=\"https:\/\/cristian.depimtajamar.es\/wp-content\/uploads\/2026\/01\/00AZUL.png\" \/>\n\t<meta property=\"og:image:width\" content=\"220\" \/>\n\t<meta property=\"og:image:height\" content=\"856\" \/>\n\t<meta property=\"og:image:type\" content=\"image\/png\" \/>\n<meta name=\"twitter:card\" content=\"summary_large_image\" \/>\n<script type=\"application\/ld+json\" class=\"yoast-schema-graph\">{\"@context\":\"https:\/\/schema.org\",\"@graph\":[{\"@type\":\"WebPage\",\"@id\":\"https:\/\/cristian.depimtajamar.es\/index.php\/producto\/il-fidele\/\",\"url\":\"https:\/\/cristian.depimtajamar.es\/index.php\/producto\/il-fidele\/\",\"name\":\"IL FIDELE - Il traditore\",\"isPartOf\":{\"@id\":\"https:\/\/cristian.depimtajamar.es\/#website\"},\"primaryImageOfPage\":{\"@id\":\"https:\/\/cristian.depimtajamar.es\/index.php\/producto\/il-fidele\/#primaryimage\"},\"image\":{\"@id\":\"https:\/\/cristian.depimtajamar.es\/index.php\/producto\/il-fidele\/#primaryimage\"},\"thumbnailUrl\":\"https:\/\/cristian.depimtajamar.es\/wp-content\/uploads\/2026\/01\/00AZUL.png\",\"datePublished\":\"2026-01-27T13:02:22+00:00\",\"dateModified\":\"2026-01-27T13:04:59+00:00\",\"breadcrumb\":{\"@id\":\"https:\/\/cristian.depimtajamar.es\/index.php\/producto\/il-fidele\/#breadcrumb\"},\"inLanguage\":\"es\",\"potentialAction\":[{\"@type\":\"ReadAction\",\"target\":[\"https:\/\/cristian.depimtajamar.es\/index.php\/producto\/il-fidele\/\"]}]},{\"@type\":\"ImageObject\",\"inLanguage\":\"es\",\"@id\":\"https:\/\/cristian.depimtajamar.es\/index.php\/producto\/il-fidele\/#primaryimage\",\"url\":\"https:\/\/cristian.depimtajamar.es\/wp-content\/uploads\/2026\/01\/00AZUL.png\",\"contentUrl\":\"https:\/\/cristian.depimtajamar.es\/wp-content\/uploads\/2026\/01\/00AZUL.png\",\"width\":220,\"height\":856},{\"@type\":\"BreadcrumbList\",\"@id\":\"https:\/\/cristian.depimtajamar.es\/index.php\/producto\/il-fidele\/#breadcrumb\",\"itemListElement\":[{\"@type\":\"ListItem\",\"position\":1,\"name\":\"Portada\",\"item\":\"https:\/\/cristian.depimtajamar.es\/\"},{\"@type\":\"ListItem\",\"position\":2,\"name\":\"Productos\",\"item\":\"https:\/\/cristian.depimtajamar.es\/index.php\/shop\/\"},{\"@type\":\"ListItem\",\"position\":3,\"name\":\"IL FIDELE\"}]},{\"@type\":\"WebSite\",\"@id\":\"https:\/\/cristian.depimtajamar.es\/#website\",\"url\":\"https:\/\/cristian.depimtajamar.es\/\",\"name\":\"Il traditore\",\"description\":\"Vi\u00f1edos\",\"potentialAction\":[{\"@type\":\"SearchAction\",\"target\":{\"@type\":\"EntryPoint\",\"urlTemplate\":\"https:\/\/cristian.depimtajamar.es\/?s={search_term_string}\"},\"query-input\":{\"@type\":\"PropertyValueSpecification\",\"valueRequired\":true,\"valueName\":\"search_term_string\"}}],\"inLanguage\":\"es\"}]}<\/script>\n<!-- \/ Yoast SEO plugin. -->","yoast_head_json":{"title":"IL FIDELE - Il traditore","robots":{"index":"index","follow":"follow","max-snippet":"max-snippet:-1","max-image-preview":"max-image-preview:large","max-video-preview":"max-video-preview:-1"},"canonical":"https:\/\/cristian.depimtajamar.es\/index.php\/producto\/il-fidele\/","og_locale":"es_ES","og_type":"article","og_title":"IL FIDELE - Il traditore","og_description":"IL FEDELE nace del mismo vi\u00f1edo y la misma filosof\u00eda que IL TRADITORE, pero recorre un camino distinto. Esta edici\u00f3n representa la fidelidad al origen, la paciencia y la armon\u00eda. Elaborado con Tempranillo del Vi\u00f1edo San Esteban, se busca una expresi\u00f3n m\u00e1s fresca, equilibrada y accesible, sin renunciar a la profundidad. Su crianza es m\u00e1s sutil, respetando la fruta y la elegancia natural del vino. El resultado es un tinto refinado, sedoso y f\u00e1cil de disfrutar, con un perfil m\u00e1s amable y una persistencia elegante. IL FEDELE es la calma despu\u00e9s de la decisi\u00f3n. El vino que permanece.     Denominaci\u00f3n: DOCa Rioja    Variedad: 100% Tempranillo    Vi\u00f1edo: San Esteban (Rioja Alta)    Altitud: 580 m    Crianza: Barrica de roble franc\u00e9s de forma sutil    Graduaci\u00f3n alcoh\u00f3lica: 13,5% vol.    Producci\u00f3n: Edici\u00f3n limitada","og_url":"https:\/\/cristian.depimtajamar.es\/index.php\/producto\/il-fidele\/","og_site_name":"Il traditore","article_modified_time":"2026-01-27T13:04:59+00:00","og_image":[{"width":220,"height":856,"url":"https:\/\/cristian.depimtajamar.es\/wp-content\/uploads\/2026\/01\/00AZUL.png","type":"image\/png"}],"twitter_card":"summary_large_image","schema":{"@context":"https:\/\/schema.org","@graph":[{"@type":"WebPage","@id":"https:\/\/cristian.depimtajamar.es\/index.php\/producto\/il-fidele\/","url":"https:\/\/cristian.depimtajamar.es\/index.php\/producto\/il-fidele\/","name":"IL FIDELE - Il traditore","isPartOf":{"@id":"https:\/\/cristian.depimtajamar.es\/#website"},"primaryImageOfPage":{"@id":"https:\/\/cristian.depimtajamar.es\/index.php\/producto\/il-fidele\/#primaryimage"},"image":{"@id":"https:\/\/cristian.depimtajamar.es\/index.php\/producto\/il-fidele\/#primaryimage"},"thumbnailUrl":"https:\/\/cristian.depimtajamar.es\/wp-content\/uploads\/2026\/01\/00AZUL.png","datePublished":"2026-01-27T13:02:22+00:00","dateModified":"2026-01-27T13:04:59+00:00","breadcrumb":{"@id":"https:\/\/cristian.depimtajamar.es\/index.php\/producto\/il-fidele\/#breadcrumb"},"inLanguage":"es","potentialAction":[{"@type":"ReadAction","target":["https:\/\/cristian.depimtajamar.es\/index.php\/producto\/il-fidele\/"]}]},{"@type":"ImageObject","inLanguage":"es","@id":"https:\/\/cristian.depimtajamar.es\/index.php\/producto\/il-fidele\/#primaryimage","url":"https:\/\/cristian.depimtajamar.es\/wp-content\/uploads\/2026\/01\/00AZUL.png","contentUrl":"https:\/\/cristian.depimtajamar.es\/wp-content\/uploads\/2026\/01\/00AZUL.png","width":220,"height":856},{"@type":"BreadcrumbList","@id":"https:\/\/cristian.depimtajamar.es\/index.php\/producto\/il-fidele\/#breadcrumb","itemListElement":[{"@type":"ListItem","position":1,"name":"Portada","item":"https:\/\/cristian.depimtajamar.es\/"},{"@type":"ListItem","position":2,"name":"Productos","item":"https:\/\/cristian.depimtajamar.es\/index.php\/shop\/"},{"@type":"ListItem","position":3,"name":"IL FIDELE"}]},{"@type":"WebSite","@id":"https:\/\/cristian.depimtajamar.es\/#website","url":"https:\/\/cristian.depimtajamar.es\/","name":"Il traditore","description":"Vi\u00f1edos","potentialAction":[{"@type":"SearchAction","target":{"@type":"EntryPoint","urlTemplate":"https:\/\/cristian.depimtajamar.es\/?s={search_term_string}"},"query-input":{"@type":"PropertyValueSpecification","valueRequired":true,"valueName":"search_term_string"}}],"inLanguage":"es"}]}},"_links":{"self":[{"href":"https:\/\/cristian.depimtajamar.es\/index.php\/wp-json\/wp\/v2\/product\/196","targetHints":{"allow":["GET"]}}],"collection":[{"href":"https:\/\/cristian.depimtajamar.es\/index.php\/wp-json\/wp\/v2\/product"}],"about":[{"href":"https:\/\/cristian.depimtajamar.es\/index.php\/wp-json\/wp\/v2\/types\/product"}],"replies":[{"embeddable":true,"href":"https:\/\/cristian.depimtajamar.es\/index.php\/wp-json\/wp\/v2\/comments?post=196"}],"wp:featuredmedia":[{"embeddable":true,"href":"https:\/\/cristian.depimtajamar.es\/index.php\/wp-json\/wp\/v2\/media\/194"}],"wp:attachment":[{"href":"https:\/\/cristian.depimtajamar.es\/index.php\/wp-json\/wp\/v2\/media?parent=196"}],"wp:term":[{"taxonomy":"product_brand","embeddable":true,"href":"https:\/\/cristian.depimtajamar.es\/index.php\/wp-json\/wp\/v2\/product_brand?post=196"},{"taxonomy":"product_cat","embeddable":true,"href":"https:\/\/cristian.depimtajamar.es\/index.php\/wp-json\/wp\/v2\/product_cat?post=196"},{"taxonomy":"product_tag","embeddable":true,"href":"https:\/\/cristian.depimtajamar.es\/index.php\/wp-json\/wp\/v2\/product_tag?post=196"}],"curies":[{"name":"wp","href":"https:\/\/api.w.org\/{rel}","templated":true}]}}