{"id":193,"date":"2026-01-27T13:48:54","date_gmt":"2026-01-27T12:48:54","guid":{"rendered":"https:\/\/cristian.depimtajamar.es\/?post_type=product&#038;p=193"},"modified":"2026-01-27T13:59:23","modified_gmt":"2026-01-27T12:59:23","slug":"il-traditore","status":"publish","type":"product","link":"https:\/\/cristian.depimtajamar.es\/index.php\/producto\/il-traditore\/","title":{"rendered":"IL TRADITORE"},"content":{"rendered":"","protected":false},"excerpt":{"rendered":"<p data-start=\"812\" data-end=\"874\">IL TRADITORE no es un vino complaciente. Es una declaraci\u00f3n.<\/p>\n<p data-start=\"881\" data-end=\"1068\">Elaborado a partir de una cuidada selecci\u00f3n de uvas Tempranillo del Vi\u00f1edo San Esteban, este vino representa la intensidad, la tensi\u00f3n y el placer de decidir el camino menos transitado.<\/p>\n<p data-start=\"1075\" data-end=\"1261\">Su crianza en barrica de roble franc\u00e9s potencia su estructura y complejidad, dando lugar a un vino potente pero refinado, donde la fruta madura convive con notas especiadas y tostadas.<\/p>\n<p data-start=\"1268\" data-end=\"1413\">En boca es profundo, envolvente y persistente, con taninos pulidos que aportan una textura sedosa y un final largo que permanece en la memoria.<\/p>\n<p data-start=\"1420\" data-end=\"1503\">IL TRADITORE es el vino de la transgresi\u00f3n consciente, de la emoci\u00f3n sin disculpas.<\/p>\n<ul>\n<li data-start=\"1912\" data-end=\"1940\">\n<p data-start=\"1914\" data-end=\"1940\">Denominaci\u00f3n: DOCa Rioja<\/p>\n<\/li>\n<li data-start=\"1941\" data-end=\"1971\">\n<p data-start=\"1943\" data-end=\"1971\">Variedad: 100% Tempranillo<\/p>\n<\/li>\n<li data-start=\"1972\" data-end=\"2008\">\n<p data-start=\"1974\" data-end=\"2008\">Vi\u00f1edo: San Esteban (Rioja Alta)<\/p>\n<\/li>\n<li data-start=\"2009\" data-end=\"2027\">\n<p data-start=\"2011\" data-end=\"2027\">Altitud: 580 m<\/p>\n<\/li>\n<li data-start=\"2028\" data-end=\"2065\">\n<p data-start=\"2030\" data-end=\"2065\">Crianza: Barrica de roble franc\u00e9s<\/p>\n<\/li>\n<li data-start=\"2066\" data-end=\"2101\">\n<p data-start=\"2068\" data-end=\"2101\">Graduaci\u00f3n alcoh\u00f3lica: 13.5% vol.<\/p>\n<\/li>\n<li data-start=\"2102\" data-end=\"2126\">\n<p data-start=\"2104\" data-end=\"2126\">Producci\u00f3n: Limitada<\/p>\n<\/li>\n<\/ul>\n","protected":false},"featured_media":195,"comment_status":"open","ping_status":"closed","template":"","meta":{"zakra_page_container_layout":"customizer","zakra_page_sidebar_layout":"customizer","zakra_remove_content_margin":false,"zakra_sidebar":"customizer","zakra_transparent_header":"customizer","zakra_logo":0,"zakra_main_header_style":"default","zakra_menu_item_color":"","zakra_menu_item_hover_color":"","zakra_menu_item_active_color":"","zakra_menu_active_style":"","zakra_page_header":true},"product_brand":[],"product_cat":[],"product_tag":[],"class_list":{"0":"post-193","1":"product","2":"type-product","3":"status-publish","4":"has-post-thumbnail","7":"first","8":"instock","9":"sale","10":"shipping-taxable","11":"purchasable","12":"product-type-simple"},"yoast_head":"<!-- This site is optimized with the Yoast SEO plugin v26.8 - https:\/\/yoast.com\/product\/yoast-seo-wordpress\/ -->\n<title>IL TRADITORE - Il traditore<\/title>\n<meta name=\"robots\" content=\"index, follow, max-snippet:-1, max-image-preview:large, max-video-preview:-1\" \/>\n<link rel=\"canonical\" href=\"https:\/\/cristian.depimtajamar.es\/index.php\/producto\/il-traditore\/\" \/>\n<meta property=\"og:locale\" content=\"es_ES\" \/>\n<meta property=\"og:type\" content=\"article\" \/>\n<meta property=\"og:title\" content=\"IL TRADITORE - Il traditore\" \/>\n<meta property=\"og:description\" content=\"IL TRADITORE no es un vino complaciente. Es una declaraci\u00f3n. Elaborado a partir de una cuidada selecci\u00f3n de uvas Tempranillo del Vi\u00f1edo San Esteban, este vino representa la intensidad, la tensi\u00f3n y el placer de decidir el camino menos transitado. Su crianza en barrica de roble franc\u00e9s potencia su estructura y complejidad, dando lugar a un vino potente pero refinado, donde la fruta madura convive con notas especiadas y tostadas. En boca es profundo, envolvente y persistente, con taninos pulidos que aportan una textura sedosa y un final largo que permanece en la memoria. IL TRADITORE es el vino de la transgresi\u00f3n consciente, de la emoci\u00f3n sin disculpas.     Denominaci\u00f3n: DOCa Rioja    Variedad: 100% Tempranillo    Vi\u00f1edo: San Esteban (Rioja Alta)    Altitud: 580 m    Crianza: Barrica de roble franc\u00e9s    Graduaci\u00f3n alcoh\u00f3lica: 13.5% vol.    Producci\u00f3n: Limitada\" \/>\n<meta property=\"og:url\" content=\"https:\/\/cristian.depimtajamar.es\/index.php\/producto\/il-traditore\/\" \/>\n<meta property=\"og:site_name\" content=\"Il traditore\" \/>\n<meta property=\"article:modified_time\" content=\"2026-01-27T12:59:23+00:00\" \/>\n<meta property=\"og:image\" content=\"https:\/\/cristian.depimtajamar.es\/wp-content\/uploads\/2026\/01\/00ROJO.png\" \/>\n\t<meta property=\"og:image:width\" content=\"220\" \/>\n\t<meta property=\"og:image:height\" content=\"856\" \/>\n\t<meta property=\"og:image:type\" content=\"image\/png\" \/>\n<meta name=\"twitter:card\" content=\"summary_large_image\" \/>\n<script type=\"application\/ld+json\" class=\"yoast-schema-graph\">{\"@context\":\"https:\/\/schema.org\",\"@graph\":[{\"@type\":\"WebPage\",\"@id\":\"https:\/\/cristian.depimtajamar.es\/index.php\/producto\/il-traditore\/\",\"url\":\"https:\/\/cristian.depimtajamar.es\/index.php\/producto\/il-traditore\/\",\"name\":\"IL TRADITORE - Il traditore\",\"isPartOf\":{\"@id\":\"https:\/\/cristian.depimtajamar.es\/#website\"},\"primaryImageOfPage\":{\"@id\":\"https:\/\/cristian.depimtajamar.es\/index.php\/producto\/il-traditore\/#primaryimage\"},\"image\":{\"@id\":\"https:\/\/cristian.depimtajamar.es\/index.php\/producto\/il-traditore\/#primaryimage\"},\"thumbnailUrl\":\"https:\/\/cristian.depimtajamar.es\/wp-content\/uploads\/2026\/01\/00ROJO.png\",\"datePublished\":\"2026-01-27T12:48:54+00:00\",\"dateModified\":\"2026-01-27T12:59:23+00:00\",\"breadcrumb\":{\"@id\":\"https:\/\/cristian.depimtajamar.es\/index.php\/producto\/il-traditore\/#breadcrumb\"},\"inLanguage\":\"es\",\"potentialAction\":[{\"@type\":\"ReadAction\",\"target\":[\"https:\/\/cristian.depimtajamar.es\/index.php\/producto\/il-traditore\/\"]}]},{\"@type\":\"ImageObject\",\"inLanguage\":\"es\",\"@id\":\"https:\/\/cristian.depimtajamar.es\/index.php\/producto\/il-traditore\/#primaryimage\",\"url\":\"https:\/\/cristian.depimtajamar.es\/wp-content\/uploads\/2026\/01\/00ROJO.png\",\"contentUrl\":\"https:\/\/cristian.depimtajamar.es\/wp-content\/uploads\/2026\/01\/00ROJO.png\",\"width\":220,\"height\":856},{\"@type\":\"BreadcrumbList\",\"@id\":\"https:\/\/cristian.depimtajamar.es\/index.php\/producto\/il-traditore\/#breadcrumb\",\"itemListElement\":[{\"@type\":\"ListItem\",\"position\":1,\"name\":\"Portada\",\"item\":\"https:\/\/cristian.depimtajamar.es\/\"},{\"@type\":\"ListItem\",\"position\":2,\"name\":\"Productos\",\"item\":\"https:\/\/cristian.depimtajamar.es\/index.php\/shop\/\"},{\"@type\":\"ListItem\",\"position\":3,\"name\":\"IL TRADITORE\"}]},{\"@type\":\"WebSite\",\"@id\":\"https:\/\/cristian.depimtajamar.es\/#website\",\"url\":\"https:\/\/cristian.depimtajamar.es\/\",\"name\":\"Il traditore\",\"description\":\"Vi\u00f1edos\",\"potentialAction\":[{\"@type\":\"SearchAction\",\"target\":{\"@type\":\"EntryPoint\",\"urlTemplate\":\"https:\/\/cristian.depimtajamar.es\/?s={search_term_string}\"},\"query-input\":{\"@type\":\"PropertyValueSpecification\",\"valueRequired\":true,\"valueName\":\"search_term_string\"}}],\"inLanguage\":\"es\"}]}<\/script>\n<!-- \/ Yoast SEO plugin. -->","yoast_head_json":{"title":"IL TRADITORE - Il traditore","robots":{"index":"index","follow":"follow","max-snippet":"max-snippet:-1","max-image-preview":"max-image-preview:large","max-video-preview":"max-video-preview:-1"},"canonical":"https:\/\/cristian.depimtajamar.es\/index.php\/producto\/il-traditore\/","og_locale":"es_ES","og_type":"article","og_title":"IL TRADITORE - Il traditore","og_description":"IL TRADITORE no es un vino complaciente. Es una declaraci\u00f3n. Elaborado a partir de una cuidada selecci\u00f3n de uvas Tempranillo del Vi\u00f1edo San Esteban, este vino representa la intensidad, la tensi\u00f3n y el placer de decidir el camino menos transitado. Su crianza en barrica de roble franc\u00e9s potencia su estructura y complejidad, dando lugar a un vino potente pero refinado, donde la fruta madura convive con notas especiadas y tostadas. En boca es profundo, envolvente y persistente, con taninos pulidos que aportan una textura sedosa y un final largo que permanece en la memoria. IL TRADITORE es el vino de la transgresi\u00f3n consciente, de la emoci\u00f3n sin disculpas.     Denominaci\u00f3n: DOCa Rioja    Variedad: 100% Tempranillo    Vi\u00f1edo: San Esteban (Rioja Alta)    Altitud: 580 m    Crianza: Barrica de roble franc\u00e9s    Graduaci\u00f3n alcoh\u00f3lica: 13.5% vol.    Producci\u00f3n: Limitada","og_url":"https:\/\/cristian.depimtajamar.es\/index.php\/producto\/il-traditore\/","og_site_name":"Il traditore","article_modified_time":"2026-01-27T12:59:23+00:00","og_image":[{"width":220,"height":856,"url":"https:\/\/cristian.depimtajamar.es\/wp-content\/uploads\/2026\/01\/00ROJO.png","type":"image\/png"}],"twitter_card":"summary_large_image","schema":{"@context":"https:\/\/schema.org","@graph":[{"@type":"WebPage","@id":"https:\/\/cristian.depimtajamar.es\/index.php\/producto\/il-traditore\/","url":"https:\/\/cristian.depimtajamar.es\/index.php\/producto\/il-traditore\/","name":"IL TRADITORE - Il traditore","isPartOf":{"@id":"https:\/\/cristian.depimtajamar.es\/#website"},"primaryImageOfPage":{"@id":"https:\/\/cristian.depimtajamar.es\/index.php\/producto\/il-traditore\/#primaryimage"},"image":{"@id":"https:\/\/cristian.depimtajamar.es\/index.php\/producto\/il-traditore\/#primaryimage"},"thumbnailUrl":"https:\/\/cristian.depimtajamar.es\/wp-content\/uploads\/2026\/01\/00ROJO.png","datePublished":"2026-01-27T12:48:54+00:00","dateModified":"2026-01-27T12:59:23+00:00","breadcrumb":{"@id":"https:\/\/cristian.depimtajamar.es\/index.php\/producto\/il-traditore\/#breadcrumb"},"inLanguage":"es","potentialAction":[{"@type":"ReadAction","target":["https:\/\/cristian.depimtajamar.es\/index.php\/producto\/il-traditore\/"]}]},{"@type":"ImageObject","inLanguage":"es","@id":"https:\/\/cristian.depimtajamar.es\/index.php\/producto\/il-traditore\/#primaryimage","url":"https:\/\/cristian.depimtajamar.es\/wp-content\/uploads\/2026\/01\/00ROJO.png","contentUrl":"https:\/\/cristian.depimtajamar.es\/wp-content\/uploads\/2026\/01\/00ROJO.png","width":220,"height":856},{"@type":"BreadcrumbList","@id":"https:\/\/cristian.depimtajamar.es\/index.php\/producto\/il-traditore\/#breadcrumb","itemListElement":[{"@type":"ListItem","position":1,"name":"Portada","item":"https:\/\/cristian.depimtajamar.es\/"},{"@type":"ListItem","position":2,"name":"Productos","item":"https:\/\/cristian.depimtajamar.es\/index.php\/shop\/"},{"@type":"ListItem","position":3,"name":"IL TRADITORE"}]},{"@type":"WebSite","@id":"https:\/\/cristian.depimtajamar.es\/#website","url":"https:\/\/cristian.depimtajamar.es\/","name":"Il traditore","description":"Vi\u00f1edos","potentialAction":[{"@type":"SearchAction","target":{"@type":"EntryPoint","urlTemplate":"https:\/\/cristian.depimtajamar.es\/?s={search_term_string}"},"query-input":{"@type":"PropertyValueSpecification","valueRequired":true,"valueName":"search_term_string"}}],"inLanguage":"es"}]}},"_links":{"self":[{"href":"https:\/\/cristian.depimtajamar.es\/index.php\/wp-json\/wp\/v2\/product\/193","targetHints":{"allow":["GET"]}}],"collection":[{"href":"https:\/\/cristian.depimtajamar.es\/index.php\/wp-json\/wp\/v2\/product"}],"about":[{"href":"https:\/\/cristian.depimtajamar.es\/index.php\/wp-json\/wp\/v2\/types\/product"}],"replies":[{"embeddable":true,"href":"https:\/\/cristian.depimtajamar.es\/index.php\/wp-json\/wp\/v2\/comments?post=193"}],"wp:featuredmedia":[{"embeddable":true,"href":"https:\/\/cristian.depimtajamar.es\/index.php\/wp-json\/wp\/v2\/media\/195"}],"wp:attachment":[{"href":"https:\/\/cristian.depimtajamar.es\/index.php\/wp-json\/wp\/v2\/media?parent=193"}],"wp:term":[{"taxonomy":"product_brand","embeddable":true,"href":"https:\/\/cristian.depimtajamar.es\/index.php\/wp-json\/wp\/v2\/product_brand?post=193"},{"taxonomy":"product_cat","embeddable":true,"href":"https:\/\/cristian.depimtajamar.es\/index.php\/wp-json\/wp\/v2\/product_cat?post=193"},{"taxonomy":"product_tag","embeddable":true,"href":"https:\/\/cristian.depimtajamar.es\/index.php\/wp-json\/wp\/v2\/product_tag?post=193"}],"curies":[{"name":"wp","href":"https:\/\/api.w.org\/{rel}","templated":true}]}}